{"id":22,"date":"2016-10-18T20:54:30","date_gmt":"2016-10-18T19:54:30","guid":{"rendered":"http:\/\/192.168.180.21:11080\/wordpress\/?page_id=22"},"modified":"2025-03-17T13:00:59","modified_gmt":"2025-03-17T12:00:59","slug":"pah-analysis","status":"publish","type":"page","link":"https:\/\/www.biu-grimmer.de\/institute\/?page_id=22","title":{"rendered":"PAH Analyse"},"content":{"rendered":"<div class=\"row\">\n<div class=\"col-lg-3 col-sm-12\"><a title=\"\" href=\"https:\/\/www.biu-grimmer.de\/institute\/wp-content\/uploads\/2016\/10\/DSC_5432-e1480973759155.jpg\" rel=\"lightbox\"><img loading=\"lazy\" decoding=\"async\" width=\"300\" height=\"200\" class=\"size-medium wp-image-74 alignright scaled\" src=\"https:\/\/www.biu-grimmer.de\/institute\/wp-content\/uploads\/2016\/10\/DSC_5432-300x200.jpg\" alt=\"Willkommen bei BIU Grimmer\" \/><\/a><br \/>\n<a title=\"\" href=\"https:\/\/www.biu-grimmer.de\/institute\/wp-content\/uploads\/2016\/10\/DSC_5534.png\" rel=\"lightbox\"><img loading=\"lazy\" decoding=\"async\" width=\"300\" height=\"125\" class=\"size-medium wp-image-83 alignleft scaled\" src=\"https:\/\/www.biu-grimmer.de\/institute\/wp-content\/uploads\/2016\/10\/DSC_5534-300x125.png\" alt=\"PAH Analyse\" srcset=\"https:\/\/www.biu-grimmer.de\/institute\/wp-content\/uploads\/2016\/10\/DSC_5534-300x125.png 300w, https:\/\/www.biu-grimmer.de\/institute\/wp-content\/uploads\/2016\/10\/DSC_5534-768x320.png 768w, https:\/\/www.biu-grimmer.de\/institute\/wp-content\/uploads\/2016\/10\/DSC_5534-1024x427.png 1024w, https:\/\/www.biu-grimmer.de\/institute\/wp-content\/uploads\/2016\/10\/DSC_5534-624x260.png 624w, https:\/\/www.biu-grimmer.de\/institute\/wp-content\/uploads\/2016\/10\/DSC_5534.png 1500w\" sizes=\"auto, (max-width: 300px) 100vw, 300px\" \/><\/a><\/div>\n<div class=\"col-lg-1 col-sm-12\"><\/div>\n<div class=\"col-lg-4 col-sm-12\">Wir bieten f\u00fcr Unternehmen als Auftragsanalyse in ihren Produkten die Bestimmung von PAH-Gehalten gem\u00e4\u00df gesetzlicher Regulierungen und selbst auferlegter H\u00f6chstmengen an.<br \/>\nAnschlie\u00dfend bescheinigen wir Ihnen die Untersuchungen mit Zertifikaten gem\u00e4\u00df den g\u00fcltigen Richtlinien. Zu unserem Analysespektrum geh\u00f6ren unter anderem<\/p>\n<ul>\n<li>PAH-Profilanalysen in Lebensmitteln, Kosmetika, Mineral\u00f6l und deren Erzeugnisse sowie in &#8222;carbon black&#8220; nach hauseigener Grimmer-Methode<\/li>\n<li>PAH-Metabolitenprofile<\/li>\n<li>Prim\u00e4re aromatische Amine<\/li>\n<\/ul>\n<p>Weiterf\u00fchrende Beratungen zu den Gr\u00fcnden m\u00f6glicher Testabweichungen werden ebenfalls gerne angeboten.<\/p>\n<\/div>\n<div class=\"col-lg-1 col-sm-12\"><\/div>\n<div class=\"col-lg-3 col-sm-12\">\n<div class=\"infobox\">\n<p><strong>Untersuchungen gem\u00e4\u00df:<\/strong><\/p>\n<ul>\n<li>DIN EN 16143<\/li>\n<li>AfPS GS 2019:01 PAK<\/li>\n<li>Grimmer Methode<\/li>\n<li>ISO 21461<\/li>\n<\/ul>\n<\/div>\n<\/div>\n<\/div>\n","protected":false},"excerpt":{"rendered":"<div class=\"row\">\n<div class=\"col-lg-3 col-sm-12\"><a title=\"\" href=\"https:\/\/www.biu-grimmer.de\/institute\/wp-content\/uploads\/2016\/10\/DSC_5432-e1480973759155.jpg\" rel=\"lightbox\"><img decoding=\"async\" class=\"size-medium wp-image-74 alignright scaled\" src=\"https:\/\/www.bi...\n<\/p>\n","protected":false},"author":1,"featured_media":0,"parent":0,"menu_order":0,"comment_status":"closed","ping_status":"closed","template":"page-templates\/full-width.php","meta":{"footnotes":""},"class_list":["post-22","page","type-page","status-publish","hentry"],"_links":{"self":[{"href":"https:\/\/www.biu-grimmer.de\/institute\/index.php?rest_route=\/wp\/v2\/pages\/22","targetHints":{"allow":["GET"]}}],"collection":[{"href":"https:\/\/www.biu-grimmer.de\/institute\/index.php?rest_route=\/wp\/v2\/pages"}],"about":[{"href":"https:\/\/www.biu-grimmer.de\/institute\/index.php?rest_route=\/wp\/v2\/types\/page"}],"author":[{"embeddable":true,"href":"https:\/\/www.biu-grimmer.de\/institute\/index.php?rest_route=\/wp\/v2\/users\/1"}],"replies":[{"embeddable":true,"href":"https:\/\/www.biu-grimmer.de\/institute\/index.php?rest_route=%2Fwp%2Fv2%2Fcomments&post=22"}],"version-history":[{"count":73,"href":"https:\/\/www.biu-grimmer.de\/institute\/index.php?rest_route=\/wp\/v2\/pages\/22\/revisions"}],"predecessor-version":[{"id":724,"href":"https:\/\/www.biu-grimmer.de\/institute\/index.php?rest_route=\/wp\/v2\/pages\/22\/revisions\/724"}],"wp:attachment":[{"href":"https:\/\/www.biu-grimmer.de\/institute\/index.php?rest_route=%2Fwp%2Fv2%2Fmedia&parent=22"}],"curies":[{"name":"wp","href":"https:\/\/api.w.org\/{rel}","templated":true}]}}