{"id":26,"date":"2016-10-18T20:55:54","date_gmt":"2016-10-18T19:55:54","guid":{"rendered":"http:\/\/192.168.180.21:11080\/wordpress\/?page_id=26"},"modified":"2018-06-13T10:36:55","modified_gmt":"2018-06-13T09:36:55","slug":"custom-sythesis","status":"publish","type":"page","link":"https:\/\/www.biu-grimmer.de\/institute\/?page_id=26","title":{"rendered":"Synthese"},"content":{"rendered":"<div class=\"row\">\n<div class=\"col-lg-2 col-sm-12\"><a title=\"\" href=\"http:\/\/www.biu-grimmer.de\/institute\/wp-content\/uploads\/2016\/10\/DSC_5506.jpg\" rel=\"lightbox\"><img loading=\"lazy\" decoding=\"async\" class=\" wp-image-95 alignleft scaled\" src=\"http:\/\/www.biu-grimmer.de\/institute\/wp-content\/uploads\/2016\/10\/DSC_5506-300x200.jpg\" alt=\"Synthese auf Kundenwunsch\" width=\"167\" height=\"111\" srcset=\"https:\/\/www.biu-grimmer.de\/institute\/wp-content\/uploads\/2016\/10\/DSC_5506-300x200.jpg 300w, https:\/\/www.biu-grimmer.de\/institute\/wp-content\/uploads\/2016\/10\/DSC_5506-768x512.jpg 768w, https:\/\/www.biu-grimmer.de\/institute\/wp-content\/uploads\/2016\/10\/DSC_5506-1024x682.jpg 1024w, https:\/\/www.biu-grimmer.de\/institute\/wp-content\/uploads\/2016\/10\/DSC_5506-624x416.jpg 624w, https:\/\/www.biu-grimmer.de\/institute\/wp-content\/uploads\/2016\/10\/DSC_5506.jpg 2000w\" sizes=\"auto, (max-width: 167px) 100vw, 167px\" \/><\/a><br \/>\n<a title=\"\" href=\"http:\/\/www.biu-grimmer.de\/institute\/wp-content\/uploads\/2016\/10\/DSC_5508.jpg\" rel=\"lightbox\"><img loading=\"lazy\" decoding=\"async\" class=\" wp-image-96 alignright scaled\" src=\"http:\/\/www.biu-grimmer.de\/institute\/wp-content\/uploads\/2016\/10\/DSC_5508-300x200.jpg\" alt=\"Synthese auf Kundenwunsch\" width=\"162\" height=\"108\" srcset=\"https:\/\/www.biu-grimmer.de\/institute\/wp-content\/uploads\/2016\/10\/DSC_5508-300x200.jpg 300w, https:\/\/www.biu-grimmer.de\/institute\/wp-content\/uploads\/2016\/10\/DSC_5508-768x512.jpg 768w, https:\/\/www.biu-grimmer.de\/institute\/wp-content\/uploads\/2016\/10\/DSC_5508-1024x682.jpg 1024w, https:\/\/www.biu-grimmer.de\/institute\/wp-content\/uploads\/2016\/10\/DSC_5508-624x416.jpg 624w, https:\/\/www.biu-grimmer.de\/institute\/wp-content\/uploads\/2016\/10\/DSC_5508.jpg 2000w\" sizes=\"auto, (max-width: 162px) 100vw, 162px\" \/><\/a><\/div>\n<div class=\"col-lg-1 col-sm-12\">\n<\/div>\n<div class=\"col-lg-4 col-sm-12\"><em><strong>Sie ben\u00f6tigen f\u00fcr ihre Analytik oder toxikologischen Untersuchungen einen Internen Standard oder Referenzverbindungen bzw. Metaboliten, die es derzeit aus keiner anderen Quelle kommerziell zu erhalten gibt?<\/strong><\/em><br \/>\nWir stellen solche o.g. Substanzen auf Ihre Anfrage hin her oder erarbeiten ein Synthesekonzept zu deren Herstellung.<br \/>\nUnsere Mitarbeiter verf\u00fcgen \u00fcber langj\u00e4hrige Erfahrung in der Synthese mit h\u00f6chster Anforderungen an die Reinheit. Der Schwerpunkt der Synthese liegt dabei im Bereich toxikologisch relevanter Substanzen und deren Metaboliten. Zur Qualit\u00e4tssicherung werden anlaytische Daten wie z.Bsp. Schmelzpunkt, Hochfeld H-NMR, UV-vis, LC-MS Charakterisierung erhoben.<\/div>\n<div class=\"col-lg-1 col-sm-12\">\n<\/div>\n<div class=\"col-lg-3 col-sm-12\">\n<div class=\"infobox\">\n<p><b>PAH und PAH-Metaboliten:<\/b><\/p>\n<ul>\n<li>Phenole, Diole, Tetrole<\/li>\n<li>Diolepoxide<\/li>\n<\/ul>\n<p><b>Konjugate und Addukte:<\/b><\/p>\n<ul>\n<li>GSH-Konjugate<\/li>\n<li>Merkapturs\u00e4uren<\/li>\n<li>Hb-Addukte<\/li>\n<li>DNA-Addukte<\/li>\n<\/ul>\n<p><b>Interne Standards:<\/b><\/p>\n<ul>\n<li>2H-Makierung<\/li>\n<li>13C-Makierung<\/li>\n<\/ul>\n<\/div>\n<\/div>\n<div id=\"jsseunrwnoeo\" style=\"display: none;\">\n<div id=\"ocfipreoqyfb\" class=\"simple_mutex\" style=\"display: none;\">mutex\/ocfipreoqyfb\/mutex<\/div>\n<\/div>\n<\/div>\n","protected":false},"excerpt":{"rendered":"<div class=\"row\">\n<div class=\"col-lg-2 col-sm-12\"><a title=\"\" href=\"http:\/\/www.biu-grimmer.de\/institute\/wp-content\/uploads\/2016\/10\/DSC_5506.jpg\" rel=\"lightbox\"><img decoding=\"async\" class=\" wp-image-95 alignleft scaled\" src=\"http:\/\/www.biu-grimmer.de\/institute\/wp-con...\n<\/p>\n","protected":false},"author":1,"featured_media":0,"parent":0,"menu_order":0,"comment_status":"closed","ping_status":"closed","template":"page-templates\/full-width.php","meta":{"footnotes":""},"class_list":["post-26","page","type-page","status-publish","hentry"],"_links":{"self":[{"href":"https:\/\/www.biu-grimmer.de\/institute\/index.php?rest_route=\/wp\/v2\/pages\/26","targetHints":{"allow":["GET"]}}],"collection":[{"href":"https:\/\/www.biu-grimmer.de\/institute\/index.php?rest_route=\/wp\/v2\/pages"}],"about":[{"href":"https:\/\/www.biu-grimmer.de\/institute\/index.php?rest_route=\/wp\/v2\/types\/page"}],"author":[{"embeddable":true,"href":"https:\/\/www.biu-grimmer.de\/institute\/index.php?rest_route=\/wp\/v2\/users\/1"}],"replies":[{"embeddable":true,"href":"https:\/\/www.biu-grimmer.de\/institute\/index.php?rest_route=%2Fwp%2Fv2%2Fcomments&post=26"}],"version-history":[{"count":97,"href":"https:\/\/www.biu-grimmer.de\/institute\/index.php?rest_route=\/wp\/v2\/pages\/26\/revisions"}],"predecessor-version":[{"id":644,"href":"https:\/\/www.biu-grimmer.de\/institute\/index.php?rest_route=\/wp\/v2\/pages\/26\/revisions\/644"}],"wp:attachment":[{"href":"https:\/\/www.biu-grimmer.de\/institute\/index.php?rest_route=%2Fwp%2Fv2%2Fmedia&parent=26"}],"curies":[{"name":"wp","href":"https:\/\/api.w.org\/{rel}","templated":true}]}}