{"id":727,"date":"2025-04-17T14:56:39","date_gmt":"2025-04-17T13:56:39","guid":{"rendered":"https:\/\/www.biu-grimmer.de\/institute\/?page_id=727"},"modified":"2025-04-17T14:56:39","modified_gmt":"2025-04-17T13:56:39","slug":"dr-albrecht-seidel","status":"publish","type":"page","link":"https:\/\/www.biu-grimmer.de\/institute\/?page_id=727","title":{"rendered":"Dr. Albrecht Seidel"},"content":{"rendered":"\n<h2 class=\"wp-block-heading\">Nachruf Dr. Albrecht Seidel<\/h2>\n\n\n\n<p>Leider m\u00fcssen wir mitteilen, dass unser langj\u00e4hriger Gesch\u00e4ftsf\u00fchrer und Vorstand der Stiftung Herr Dr. Albrecht Seidel unerwartet verstorben ist. <\/p>\n\n\n\n<p>Wir stehen Ihnen weiterhin wie gewohnt zur Verf\u00fcgung und k\u00fcmmern uns gerne um Ihr Anliegen.<\/p>\n\n\n\n<div class=\"wp-block-columns is-layout-flex wp-container-core-columns-is-layout-1 wp-block-columns-is-layout-flex\">\n<div class=\"wp-block-column is-layout-flow wp-block-column-is-layout-flow\" style=\"flex-basis:524px\"><div class=\"wp-block-image\">\n<figure class=\"aligncenter size-full\"><img loading=\"lazy\" decoding=\"async\" width=\"524\" height=\"710\" src=\"http:\/\/www.biu-grimmer.de\/institute\/wp-content\/uploads\/2025\/04\/Albrecht-Seidel-sw.png\" alt=\"\" class=\"wp-image-728\" srcset=\"https:\/\/www.biu-grimmer.de\/institute\/wp-content\/uploads\/2025\/04\/Albrecht-Seidel-sw.png 524w, https:\/\/www.biu-grimmer.de\/institute\/wp-content\/uploads\/2025\/04\/Albrecht-Seidel-sw-221x300.png 221w\" sizes=\"auto, (max-width: 524px) 100vw, 524px\" \/><\/figure><\/div><\/div>\n\n\n\n<div class=\"wp-block-column is-layout-flow wp-block-column-is-layout-flow\" style=\"flex-basis:589px\"><div class=\"wp-block-image\">\n<figure class=\"aligncenter size-full\"><img loading=\"lazy\" decoding=\"async\" width=\"589\" height=\"710\" src=\"http:\/\/www.biu-grimmer.de\/institute\/wp-content\/uploads\/2025\/04\/Albrecht-Seidel-Anzeige-Website.png\" alt=\"\" class=\"wp-image-729\" srcset=\"https:\/\/www.biu-grimmer.de\/institute\/wp-content\/uploads\/2025\/04\/Albrecht-Seidel-Anzeige-Website.png 589w, https:\/\/www.biu-grimmer.de\/institute\/wp-content\/uploads\/2025\/04\/Albrecht-Seidel-Anzeige-Website-249x300.png 249w\" sizes=\"auto, (max-width: 589px) 100vw, 589px\" \/><\/figure><\/div><\/div>\n<\/div>\n\n\n\n<p class=\"has-small-font-size\">Nachruf von Dr. Albrecht Seidel zum <a href=\"https:\/\/www.biu-grimmer.de\/institute\/wp-content\/uploads\/2025\/04\/Nachruf-Seidel.pdf\" data-type=\"attachment\" data-id=\"743\">Download<\/a> im PDF-Format.<br \/>Obituary of Dr. Albrecht Seidel in <a href=\"https:\/\/www.biu-grimmer.de\/institute\/wp-content\/uploads\/2025\/04\/Obituary-Seidel.pdf\" data-type=\"attachment\" data-id=\"747\">ENG<\/a>.<\/p>\n\n\n\n<p><\/p>\n\n\n\n<p><\/p>\n\n\n\n<p><\/p>\n\n\n\n<p><\/p>\n","protected":false},"excerpt":{"rendered":"<p><!-- wp:heading --><\/p>\n<h2 class=\"wp-block-heading\">Nachruf Dr. Albrecht Seidel<\/h2>\n<p><!-- \/wp:heading --><\/p>\n<p><!-- wp:paragraph --><\/p>\n<p>Leider m\u00fcssen wir mitteilen, dass unser langj\u00e4hriger Gesch\u00e4ftsf\u00fchrer und Vorstand der Stiftung Herr Dr. Albrecht Seidel u&#8230;<\/p>\n","protected":false},"author":4,"featured_media":0,"parent":0,"menu_order":0,"comment_status":"closed","ping_status":"closed","template":"","meta":{"footnotes":""},"class_list":["post-727","page","type-page","status-publish","hentry"],"_links":{"self":[{"href":"https:\/\/www.biu-grimmer.de\/institute\/index.php?rest_route=\/wp\/v2\/pages\/727","targetHints":{"allow":["GET"]}}],"collection":[{"href":"https:\/\/www.biu-grimmer.de\/institute\/index.php?rest_route=\/wp\/v2\/pages"}],"about":[{"href":"https:\/\/www.biu-grimmer.de\/institute\/index.php?rest_route=\/wp\/v2\/types\/page"}],"author":[{"embeddable":true,"href":"https:\/\/www.biu-grimmer.de\/institute\/index.php?rest_route=\/wp\/v2\/users\/4"}],"replies":[{"embeddable":true,"href":"https:\/\/www.biu-grimmer.de\/institute\/index.php?rest_route=%2Fwp%2Fv2%2Fcomments&post=727"}],"version-history":[{"count":14,"href":"https:\/\/www.biu-grimmer.de\/institute\/index.php?rest_route=\/wp\/v2\/pages\/727\/revisions"}],"predecessor-version":[{"id":752,"href":"https:\/\/www.biu-grimmer.de\/institute\/index.php?rest_route=\/wp\/v2\/pages\/727\/revisions\/752"}],"wp:attachment":[{"href":"https:\/\/www.biu-grimmer.de\/institute\/index.php?rest_route=%2Fwp%2Fv2%2Fmedia&parent=727"}],"curies":[{"name":"wp","href":"https:\/\/api.w.org\/{rel}","templated":true}]}}