{"id":207,"date":"2017-06-05T22:12:48","date_gmt":"2017-06-05T21:12:48","guid":{"rendered":"http:\/\/www.biu-grimmer.de\/institute\/?page_id=207"},"modified":"2025-04-29T11:49:56","modified_gmt":"2025-04-29T10:49:56","slug":"zuhause","status":"publish","type":"page","link":"https:\/\/www.biu-grimmer.de\/institute\/","title":{"rendered":"Home"},"content":{"rendered":"\n<div class=\"wp-block-columns is-layout-flex wp-container-core-columns-is-layout-1 wp-block-columns-is-layout-flex\">\n<div class=\"wp-block-column is-layout-flow wp-block-column-is-layout-flow\" style=\"flex-basis:100%\">\n<div class=\"row\">\n<div class=\"col-lg-10 col-sm-12\">BIU ist eine Stiftung mit Sitz im Norden in der Metropolregion Hamburg (Deutschland). Zentral aber trotzdem im Gr\u00fcnen gelegen bietet unser mittelst\u00e4ndisches Unternehmen mit modernen Techniken und dem Know-How unserer Mitarbeiter Analysen und Beratung im Bereich PAH\u00b4s und deren Metaboliten an. Spezialisiert hat sich das Institut insbesondere auf schwierige und aufw\u00e4ndige Analysen und Bestimmungen f\u00fcr ihre Kunden, welche viele andere Labore in diesem Ma\u00dfe nicht leisten k\u00f6nnen.<\/div>\n<\/div>\n<\/div>\n<\/div>\n\n\n\n\n<div class=\"wp-block-columns is-layout-flex wp-container-core-columns-is-layout-2 wp-block-columns-is-layout-flex\">\n<div class=\"wp-block-column is-layout-flow wp-block-column-is-layout-flow\" style=\"flex-basis:25%\"><\/div>\n\n\n\n<div class=\"wp-block-column is-layout-flow wp-block-column-is-layout-flow\" style=\"flex-basis:50%\">\n<p class=\"has-text-align-center\"><\/p>\n\n\n\n<figure class=\"wp-block-pullquote has-light-gray-background-color has-background\" style=\"border-width:8px;font-size:16px\"><blockquote><p><em><strong>Leider m\u00fcssen wir mitteilen, dass unser langj\u00e4hriger Gesch\u00e4ftsf\u00fchrer und Vorstand der Stiftung <\/strong><\/em><br \/><em><strong>Herr Dr. Albrecht Seidel <\/strong><\/em><br \/><em><strong>unerwartet verstorben ist.<br \/>Wir stehen Ihnen weiterhin wie gewohnt zur Verf\u00fcgung und k\u00fcmmern uns gerne um Ihr Anliegen.<\/strong><\/em><\/p><cite>\u2794 <a href=\"https:\/\/www.biu-grimmer.de\/institute\/?page_id=727\" data-type=\"page\" data-id=\"727\">Nachruf Dr. Albrecht Seidel<\/a><\/cite><\/blockquote><\/figure>\n<\/div>\n\n\n\n<div class=\"wp-block-column is-layout-flow wp-block-column-is-layout-flow\" style=\"flex-basis:25%\"><\/div>\n<\/div>\n\n\n\n<p><\/p>\n","protected":false},"excerpt":{"rendered":"<p><!-- wp:columns --><\/p>\n<div class=\"wp-block-columns\"><!-- wp:column {\"width\":\"100%\"} --><\/p>\n<div class=\"wp-block-column\" style=\"flex-basis:100%\"><!-- wp:html --><\/p>\n<div class=\"row\">\n<div class=\"col-lg-10 col-sm-12\">BIU ist eine Stiftung mit Sitz im Norden in&#8230;<\/p>\n","protected":false},"author":1,"featured_media":0,"parent":0,"menu_order":0,"comment_status":"closed","ping_status":"closed","template":"","meta":{"footnotes":""},"class_list":["post-207","page","type-page","status-publish","hentry"],"_links":{"self":[{"href":"https:\/\/www.biu-grimmer.de\/institute\/index.php?rest_route=\/wp\/v2\/pages\/207","targetHints":{"allow":["GET"]}}],"collection":[{"href":"https:\/\/www.biu-grimmer.de\/institute\/index.php?rest_route=\/wp\/v2\/pages"}],"about":[{"href":"https:\/\/www.biu-grimmer.de\/institute\/index.php?rest_route=\/wp\/v2\/types\/page"}],"author":[{"embeddable":true,"href":"https:\/\/www.biu-grimmer.de\/institute\/index.php?rest_route=\/wp\/v2\/users\/1"}],"replies":[{"embeddable":true,"href":"https:\/\/www.biu-grimmer.de\/institute\/index.php?rest_route=%2Fwp%2Fv2%2Fcomments&post=207"}],"version-history":[{"count":93,"href":"https:\/\/www.biu-grimmer.de\/institute\/index.php?rest_route=\/wp\/v2\/pages\/207\/revisions"}],"predecessor-version":[{"id":784,"href":"https:\/\/www.biu-grimmer.de\/institute\/index.php?rest_route=\/wp\/v2\/pages\/207\/revisions\/784"}],"wp:attachment":[{"href":"https:\/\/www.biu-grimmer.de\/institute\/index.php?rest_route=%2Fwp%2Fv2%2Fmedia&parent=207"}],"curies":[{"name":"wp","href":"https:\/\/api.w.org\/{rel}","templated":true}]}}