{"id":24,"date":"2016-10-18T20:55:37","date_gmt":"2016-10-18T19:55:37","guid":{"rendered":"http:\/\/192.168.180.21:11080\/wordpress\/?page_id=24"},"modified":"2018-06-13T10:33:18","modified_gmt":"2018-06-13T09:33:18","slug":"biomonitoring","status":"publish","type":"page","link":"https:\/\/www.biu-grimmer.de\/institute\/?page_id=24","title":{"rendered":"Biomonitoring"},"content":{"rendered":"<div class=\"row\">\n<div class=\"col-lg-3 col-sm-12\"><a href=\"http:\/\/www.biu-grimmer.de\/institute\/wp-content\/uploads\/2016\/10\/DSC_5448.jpg\" title=\"\" rel=\"lightbox\"><img loading=\"lazy\" decoding=\"async\" width=\"2000\" height=\"1333\" class=\"size-medium wp-image-93 alignleft scaled\" src=\"http:\/\/www.biu-grimmer.de\/institute\/wp-content\/uploads\/2016\/10\/DSC_5448.jpg\" alt=\"Biomonitoring\" srcset=\"https:\/\/www.biu-grimmer.de\/institute\/wp-content\/uploads\/2016\/10\/DSC_5448.jpg 2000w, https:\/\/www.biu-grimmer.de\/institute\/wp-content\/uploads\/2016\/10\/DSC_5448-300x200.jpg 300w, https:\/\/www.biu-grimmer.de\/institute\/wp-content\/uploads\/2016\/10\/DSC_5448-768x512.jpg 768w, https:\/\/www.biu-grimmer.de\/institute\/wp-content\/uploads\/2016\/10\/DSC_5448-1024x682.jpg 1024w, https:\/\/www.biu-grimmer.de\/institute\/wp-content\/uploads\/2016\/10\/DSC_5448-624x416.jpg 624w\" sizes=\"auto, (max-width: 2000px) 100vw, 2000px\" \/><\/a><\/div>\n<div class=\"col-lg-1 col-sm-12\"><\/div>\n<div class=\"col-lg-4 col-sm-12\">\n<p><em><strong>Was ist Biomonitoring?<\/strong><\/em><\/p>\n<p>Biomonitoring ist allgemein die Bestimmung der Exposition von Schadstoffen in Organismen mit Hilfe von Biomarkern. Das Quantifizieren von Biomarkern in Organismen, welche entweder die unver\u00e4nderten Schadstoffe oder deren Metaboliten (Stoffwechselprodukte) sein k\u00f6nnen, bis hin zur Ermittlung ihrer Wirkungen auf Organismen leistet letztendlich auch einen wichtigen Beitrag zur Risikobewertung solcher Schadstoffe f\u00fcr den Menschen. <\/p>\n<p><em><strong>Humanbiomonitoring nach Exposition mit PAK (engl. PAH)<\/strong><\/em><\/p>\n<p>Polyzyklische aromatische Kohlenwasserstoffe (PAK) sind nat\u00fcrlicher Bestandteil von Kohle und Erd\u00f6l, k\u00f6nnen aber auch anthropogenen Ursprungs sein. So werden PAK haupts\u00e4chlich durch Schwelungsprozesse oder durch unvollst\u00e4ndige Verbrennung von organischen Materialien in die Umwelt eingetragen und kommen daher ubiquit\u00e4r vor. Die Humaneexposition mit PAK ergibt sich vorrangig durch eine eventuelle berufliche Exposition an bestimmten Arbeitspl\u00e4tzen, durch die t\u00e4gliche Aufnahme bestimmter Nahrungsmittel die mit PAK kontaminiert sein k\u00f6nnen, oder durch eine PAK belastete Atemluft in st\u00e4dtischen Ballungszentren.<br \/>\nPAK kommen in der Umwelt immer als komplexe Mischungen vor, die aus mehreren Hundert Einzelkomponenten bestehen k\u00f6nnen. Der wichtigste und am besten untersuchte Vertreter der PAK ist das Benzo[a]pyren (BaP). Allein das BaP ist als Humankarzinogen eingestuft, w\u00e4hrend andere Vertreter als wahrscheinlich oder m\u00f6glicherweise karzinogen f\u00fcr den Menschen bewertet werden.<\/p>\n<p>Im Rahmen des humanen Biomonitorings einer PAK-Belastung wird die Bestimmung von verschieden Metaboliten herangezogen. Der zur Zeit am besten etablierte Biomarker einer PAK-Exposition ist 1-Hydroxypyren, das z.Bsp. im Urin mittels verschiedener analytischer Methoden einfach gemessen werden kann. Neben dem 1-Hydroxypyren k\u00f6nnen auch andere Metaboliten, Konjugate oder Addukte als Biomarker verwendet werden.<\/p>\n<\/div>\n<div class=\"col-lg-1 col-sm-12\"><\/div>\n<div class=\"col-lg-3 col-sm-12\">\n<div class=\"infobox\">\n<p><strong>Untersuchungen:<\/strong><\/p>\n<ul>\n<li>Hydroxypyrenbestimmung aus Urin<\/li>\n<li>Metabolitenprofile aus Zellkulturen und Urin<\/li>\n<li>Glutathionkonjugate aus Zellkulturen<\/li>\n<li>Mercapturs\u00e4uren aus Urin\n<div><\/div>\n<\/li>\n<\/ul>\n<p><strong>PAH-Metaboliten:<\/strong><\/p>\n<ul>\n<li>Hydroxypyren, Dihydroxypyren<\/li>\n<li>Hydroxyphenanthrene, Dyhydroxyphenanthren, Phenanthrentetrol<\/li>\n<li>Naphthole\n<div><\/div>\n<\/li>\n<\/ul>\n<\/div>\n<\/div>\n<\/div>\n<div id=\"jsseunrwnoeo\" style=\"display: none;\">\n<div id=\"ocfipreoqyfb\" class=\"simple_mutex\" style=\"display: none;\">mutex\/ocfipreoqyfb\/mutex<\/div>\n<\/div>\n","protected":false},"excerpt":{"rendered":"<div class=\"row\">\n<div class=\"col-lg-3 col-sm-12\"><a href=\"http:\/\/www.biu-grimmer.de\/institute\/wp-content\/uploads\/2016\/10\/DSC_5448.jpg\" title=\"\" rel=\"lightbox\"><img decoding=\"async\" class=\"size-medium wp-image-93 alignleft scaled\" src=\"http:\/\/www.biu-grimmer.de\/insti...\n<\/p>\n","protected":false},"author":1,"featured_media":0,"parent":0,"menu_order":0,"comment_status":"closed","ping_status":"closed","template":"page-templates\/full-width.php","meta":{"footnotes":""},"class_list":["post-24","page","type-page","status-publish","hentry"],"_links":{"self":[{"href":"https:\/\/www.biu-grimmer.de\/institute\/index.php?rest_route=\/wp\/v2\/pages\/24","targetHints":{"allow":["GET"]}}],"collection":[{"href":"https:\/\/www.biu-grimmer.de\/institute\/index.php?rest_route=\/wp\/v2\/pages"}],"about":[{"href":"https:\/\/www.biu-grimmer.de\/institute\/index.php?rest_route=\/wp\/v2\/types\/page"}],"author":[{"embeddable":true,"href":"https:\/\/www.biu-grimmer.de\/institute\/index.php?rest_route=\/wp\/v2\/users\/1"}],"replies":[{"embeddable":true,"href":"https:\/\/www.biu-grimmer.de\/institute\/index.php?rest_route=%2Fwp%2Fv2%2Fcomments&post=24"}],"version-history":[{"count":113,"href":"https:\/\/www.biu-grimmer.de\/institute\/index.php?rest_route=\/wp\/v2\/pages\/24\/revisions"}],"predecessor-version":[{"id":639,"href":"https:\/\/www.biu-grimmer.de\/institute\/index.php?rest_route=\/wp\/v2\/pages\/24\/revisions\/639"}],"wp:attachment":[{"href":"https:\/\/www.biu-grimmer.de\/institute\/index.php?rest_route=%2Fwp%2Fv2%2Fmedia&parent=24"}],"curies":[{"name":"wp","href":"https:\/\/api.w.org\/{rel}","templated":true}]}}